{"id":540,"date":"2024-07-30T09:37:05","date_gmt":"2024-07-30T09:37:05","guid":{"rendered":"https:\/\/chrrhc.org\/services\/"},"modified":"2026-01-20T19:10:20","modified_gmt":"2026-01-20T19:10:20","slug":"sluzby","status":"publish","type":"page","link":"https:\/\/chrrhc.org\/cs\/sluzby\/","title":{"rendered":"Slu\u017eby"},"content":{"rendered":"<div class=\"et_pb_section_0 et_pb_section et_section_regular et_block_section\" id=\"top\">\n<div class=\"et_pb_row_0 et_pb_row et_block_row\">\n<div class=\"et_pb_column_0 et_pb_column et_pb_column_4_4 et-last-child et_block_column et_pb_css_mix_blend_mode_passthrough\">\n<div class=\"et_pb_post_title_0 et_pb_post_title et_pb_bg_layout_light et_pb_module et_block_module\"><div class=\"et_pb_title_container\"><h1 class=\"entry-title\">Slu\u017eby<\/h1><\/div><\/div>\n\n<div class=\"et_pb_text_0 et_pb_text et_pb_bg_layout_light et_pb_module et_block_module\"><div class=\"et_pb_text_inner\"><h3><a href=\"#1\">P\u00e9\u010de o kopyta<\/a> :: <a href=\"#2\">P\u0159evoz kon\u00ed<\/a> :: <a href=\"#3\">Celostn\u00ed p\u00e9\u010de<\/a> :: <a href=\"#4\">Pr\u00e1ce s problematick\u00fdmi ko\u0148mi<\/a><\/h3>\n<\/div><\/div>\n<\/div>\n<\/div>\n<\/div>\n\n<div class=\"et_pb_section_1 et_pb_section et_section_regular et_block_section\" id=\"1\">\n<div class=\"et_pb_row_1 et_pb_row et_pb_row_3-4_1-4 et_pb_equal_columns et_pb_gutters1 et_block_row et_block_row_3-4_1-4\">\n<div class=\"et_pb_column_1 et_pb_column et_pb_column_3_4 et_block_column et_pb_css_mix_blend_mode_passthrough\">\n<div class=\"et_pb_text_1 et_pb_text et_pb_bg_layout_light et_pb_module et_block_module\"><div class=\"et_pb_text_inner\"><h3>P\u00e9\u010de o kopyta<\/h3>\n<p>Starov\u011bk\u00fd spisovatel, vojev\u016fdce a znalec jezdeck\u00fdch z\u00e1le\u017eitost\u00ed Xenof\u00f3n v\u011bnoval ve sv\u00e9m d\u00edle \"O jezdectv\u00ed\" rozs\u00e1hl\u00fd \u00favod z\u00e1sadn\u00edmu v\u00fdznamu zdrav\u00ed kopyt a nohou kon\u00ed. Lidsk\u00fd egoismus (a dominantn\u00ed postaven\u00ed \u010dlov\u011bka v r\u016fzn\u00fdch ekosyst\u00e9mech) vytvo\u0159il takov\u00e9 podm\u00ednky, kter\u00e9 kon\u011b p\u0159ipravily o jejich p\u0159irozen\u00fd \u017eivotn\u00ed prostor. Tak se postupn\u011b dostalo do pop\u0159ed\u00ed p\u0159ib\u00edjen\u00ed podkov jako jedna z nevhodn\u00fdch praktik pro fyziologii zv\u00ed\u0159at.<\/p>\n<\/div><\/div>\n<\/div>\n\n<div class=\"et_pb_column_2 et_pb_column et_pb_column_1_4 et-last-child et_block_column et_pb_css_mix_blend_mode_passthrough\">\n<div class=\"et_pb_image_0 et_pb_image et_pb_module et_block_module\"><a href=\"https:\/\/chrrhc.org\/wp-content\/uploads\/2024\/07\/TRIMMING.webp\" class=\"et_pb_lightbox_image\"><span class=\"et_pb_image_wrap has-box-shadow-overlay\"><div class=\"box-shadow-overlay\"><\/div><img loading=\"lazy\" decoding=\"async\" src=\"https:\/\/chrrhc.org\/wp-content\/uploads\/2024\/07\/TRIMMING.webp\" width=\"675\" height=\"900\" srcset=\"https:\/\/chrrhc.org\/wp-content\/uploads\/2024\/07\/TRIMMING.webp 675w, https:\/\/chrrhc.org\/wp-content\/uploads\/2024\/07\/TRIMMING-480x640.webp 480w\" sizes=\"(min-width: 0px) and (max-width: 480px) 480px, (min-width: 481px) 675px, 100vw\" class=\"wp-image-494\" title=\"TRIMMING\" \/><\/span><\/a><\/div>\n<\/div>\n<\/div>\n\n<div class=\"et_pb_row_2 et_pb_row et_pb_row_1-4_3-4 et_pb_equal_columns et_pb_gutters1 et_block_row et_block_row_1-4_3-4\">\n<div class=\"et_pb_column_3 et_pb_column et_pb_column_1_4 et_block_column et_pb_css_mix_blend_mode_passthrough\">\n<div class=\"et_pb_text_2 et_pb_text et_pb_bg_layout_light et_pb_module et_block_module\"><div class=\"et_pb_text_inner\"><div style=\"padding: 177.78% 0 0 0; position: relative;\"><iframe src=\"https:\/\/player.vimeo.com\/video\/992052267?h=d1074c4375&amp;badge=0&amp;autopause=0&amp;player_id=0&amp;app_id=58479\" frameborder=\"0\" allow=\"autoplay; fullscreen; picture-in-picture; clipboard-write\" style=\"position: absolute; top: 0; left: 0; width: 100%; height: 100%;\" title=\"NOHY_VID_20221009_165116 (1)\"><\/iframe><\/div>\n<p>\n<script src=\"https:\/\/player.vimeo.com\/api\/player.js\"><\/script><\/p>\n<\/div><\/div>\n<\/div>\n\n<div class=\"et_pb_column_4 et_pb_column et_pb_column_3_4 et-last-child et_block_column et_pb_css_mix_blend_mode_passthrough\">\n<div class=\"et_pb_text_3 et_pb_text et_pb_bg_layout_light et_pb_module et_block_module\"><div class=\"et_pb_text_inner\"><p>Mnoz\u00ed majitel\u00e9 a chovatel\u00e9 pot\u0159ebuj\u00ed dlouhodobou pomoc p\u0159i \u0159e\u0161en\u00ed probl\u00e9m\u016f s kopyty sv\u00fdch kon\u00ed. N\u00e1\u0161 p\u0159\u00edstup je jednoduch\u00fd: pracujeme na tom, aby se vit\u00e1ln\u00ed zdravotn\u00ed stav kon\u00ed co nejv\u00edce p\u0159ibl\u00ed\u017eil fyziologicky vyhovuj\u00edc\u00edmu prost\u0159ed\u00ed a kopyta se tvarovala do norm\u00e1ln\u00edho tvaru. Tento proces m\u00e1 z\u00e1sadn\u00ed v\u00fdznam pro celkov\u00e9 zdrav\u00ed a pohodu kon\u00ed. Jen tak m\u016f\u017ee kopytn\u00ed mechanismus - nezbytn\u00fd pro harmonick\u00e9 fungov\u00e1n\u00ed cel\u00e9ho organismu - dob\u0159e pracovat.<\/p>\n<\/div><\/div>\n<\/div>\n<\/div>\n\n<div class=\"et_pb_row_3 et_pb_row et_pb_equal_columns et_pb_gutters1 et_block_row\">\n<div class=\"et_pb_column_5 et_pb_column et_pb_column_1_2 et_block_column et_pb_css_mix_blend_mode_passthrough\">\n<div class=\"et_pb_text_4 et_pb_text et_pb_bg_layout_light et_pb_module et_block_module\"><div class=\"et_pb_text_inner\"><p>Na\u0161e slu\u017eba, kterou poskytuj\u00ed odborn\u00edci vy\u0161kolen\u00ed v Institutu celostn\u00ed p\u00e9\u010de o kopyta p\u0159edn\u00ed veterin\u00e1rn\u00ed l\u00e9ka\u0159ky Hiltrud Strasserov\u00e9, nab\u00edz\u00ed majitel\u016fm a chovatel\u016fm kon\u00ed \u0159adu v\u00fdhod. P\u0159edev\u0161\u00edm v\u0161ak prosp\u00edv\u00e1 samotn\u00fdm kon\u00edm. Na\u0161e slu\u017eba v\u00fdrazn\u011b zlep\u0161uje jejich chov\u00e1n\u00ed a d\u00e9lku \u017eivota t\u00edm, \u017ee je zbavuje bolesti a zran\u011bn\u00ed. Tato metoda zaji\u0161\u0165uje norm\u00e1ln\u00ed fungov\u00e1n\u00ed kopytn\u00edho mechanismu, kter\u00e9 je, jak ukazuj\u00ed modern\u00ed v\u00fdzkumy, pro celkov\u00e9 zdrav\u00ed kon\u011b \u017eivotn\u011b d\u016fle\u017eit\u00e9.<\/p>\n<\/div><\/div>\n<\/div>\n\n<div class=\"et_pb_column_6 et_pb_column et_pb_column_1_2 et-last-child et_block_column et_pb_css_mix_blend_mode_passthrough\">\n<div class=\"et_pb_image_1 et_pb_image et_pb_module et_block_module\"><a href=\"https:\/\/chrrhc.org\/wp-content\/uploads\/2024\/07\/Hoof-before-and-after-trimming.webp\" class=\"et_pb_lightbox_image\"><span class=\"et_pb_image_wrap has-box-shadow-overlay\"><div class=\"box-shadow-overlay\"><\/div><img loading=\"lazy\" decoding=\"async\" src=\"https:\/\/chrrhc.org\/wp-content\/uploads\/2024\/07\/Hoof-before-and-after-trimming.webp\" width=\"1016\" height=\"576\" srcset=\"https:\/\/chrrhc.org\/wp-content\/uploads\/2024\/07\/Hoof-before-and-after-trimming.webp 1016w, https:\/\/chrrhc.org\/wp-content\/uploads\/2024\/07\/Hoof-before-and-after-trimming-980x556.webp 980w, https:\/\/chrrhc.org\/wp-content\/uploads\/2024\/07\/Hoof-before-and-after-trimming-480x272.webp 480w\" sizes=\"(min-width: 0px) and (max-width: 480px) 480px, (min-width: 481px) and (max-width: 980px) 980px, (min-width: 981px) 1016px, 100vw\" class=\"wp-image-505\" title=\"Hoof before and after trimming\" \/><\/span><\/a><\/div>\n<\/div>\n<\/div>\n\n<div class=\"et_pb_row_4 et_pb_row et_pb_equal_columns et_pb_gutters1 et_block_row\">\n<div class=\"et_pb_column_7 et_pb_column et_pb_column_4_4 et-last-child et_block_column et_pb_css_mix_blend_mode_passthrough\">\n<div class=\"et_pb_text_5 et_pb_text et_pb_bg_layout_light et_pb_module et_block_module\"><div class=\"et_pb_text_inner\"><p>Poskytujeme specializovanou pravidelnou p\u00e9\u010di a poradenstv\u00ed t\u00fdkaj\u00edc\u00ed se \u017eivotn\u00edho stylu a v\u00fd\u017eivy kon\u011b, \u010d\u00edm\u017e v\u00e1m pom\u016f\u017eeme zlep\u0161it zdrav\u00ed a pohodu va\u0161eho kon\u011b a z\u00e1rove\u0148 zlep\u0161it v\u00e1\u0161 vztah s n\u00edm.<\/p>\n<\/div><\/div>\n\n<div class=\"et_pb_text_6 et_pb_text et_pb_bg_layout_light et_pb_module et_block_module\"><div class=\"et_pb_text_inner\"><p>Pokud m\u00e1te z\u00e1jem o na\u0161e slu\u017eby, kontaktujte n\u00e1s na <a href=\"mailto:vera.klontza@gmail.com\">vera.klontza@gmail.com<\/a> nebo <a href=\"tel:+420776747152\">+420 776747152<\/a> nebo na soci\u00e1ln\u00edch s\u00edt\u00edch.<\/p>\n<\/div><\/div>\n<\/div>\n<\/div>\n<\/div>\n\n<div class=\"et_pb_section_2 et_pb_section et_section_regular et_block_section\" id=\"2\">\n<div class=\"et_pb_row_5 et_pb_row et_pb_equal_columns et_pb_gutters1 et_block_row\">\n<div class=\"et_pb_column_8 et_pb_column et_pb_column_2_5 et_block_column et_pb_css_mix_blend_mode_passthrough\">\n<div class=\"et_pb_text_7 et_pb_text et_pb_bg_layout_light et_pb_module et_block_module\"><div class=\"et_pb_text_inner\"><h3>P\u0159evoz kon\u00ed<\/h3>\n<p>Brzy v\u00e1m m\u016f\u017eeme poskytnout modern\u00ed, bezpe\u010dn\u00e9, certifikovan\u00e9 vozidlo, jeho\u017e \u0159idi\u010d a asistent jsou dr\u017eiteli mezin\u00e1rodn\u00edho certifik\u00e1tu pro p\u0159epravu kon\u00ed.<\/p>\n<\/div><\/div>\n\n<div class=\"et_pb_text_8 et_pb_text et_pb_bg_layout_light et_pb_module et_block_module\"><div class=\"et_pb_text_inner\"><p>Pokud m\u00e1te z\u00e1jem o na\u0161e slu\u017eby, kontaktujte n\u00e1s na <a href=\"mailto:vera.klontza@gmail.com\">vera.klontza@gmail.com<\/a> nebo <a href=\"tel:+420776747152\">+420 776747152<\/a> nebo na soci\u00e1ln\u00edch s\u00edt\u00edch.<\/p>\n<\/div><\/div>\n<\/div>\n\n<div class=\"et_pb_column_9 et_pb_column et_pb_column_3_5 et-last-child et_block_column et_pb_css_mix_blend_mode_passthrough\">\n<div class=\"et_pb_image_2 et_pb_image et_pb_module et_block_module\"><a href=\"https:\/\/chrrhc.org\/wp-content\/uploads\/2024\/07\/TRAILER.webp\" class=\"et_pb_lightbox_image\"><span class=\"et_pb_image_wrap has-box-shadow-overlay\"><div class=\"box-shadow-overlay\"><\/div><img loading=\"lazy\" decoding=\"async\" src=\"https:\/\/chrrhc.org\/wp-content\/uploads\/2024\/07\/TRAILER.webp\" width=\"373\" height=\"273\" srcset=\"https:\/\/chrrhc.org\/wp-content\/uploads\/2024\/07\/TRAILER.webp 373w, https:\/\/chrrhc.org\/wp-content\/uploads\/2024\/07\/TRAILER-300x220.webp 300w\" sizes=\"(max-width: 373px) 100vw, 373px\" class=\"wp-image-512\" title=\"TRAILER\" \/><\/span><\/a><\/div>\n<\/div>\n<\/div>\n<\/div>\n\n<div class=\"et_pb_section_3 et_pb_section et_section_regular et_block_section\" id=\"3\">\n<div class=\"et_pb_row_6 et_pb_row et_pb_equal_columns et_pb_gutters1 et_block_row\">\n<div class=\"et_pb_column_10 et_pb_column et_pb_column_1_2 et_block_column et_pb_css_mix_blend_mode_passthrough\">\n<div class=\"et_pb_text_9 et_pb_text et_pb_bg_layout_light et_pb_module et_block_module\"><div class=\"et_pb_text_inner\"><h3>Celostn\u00ed p\u00e9\u010de<\/h3>\n<p>Stejn\u011b jako lid\u00e9, i kon\u011b a dal\u0161\u00ed \u017eiv\u00e9 organismy pot\u0159ebuj\u00ed pro sv\u016fj v\u00fdvoj p\u0159irozen\u00e9 podm\u00ednky, tj. podm\u00ednky, ve kter\u00fdch ka\u017ed\u00fd organismus funguje nejefektivn\u011bji. Pro kon\u011b je to dostate\u010dn\u00fd prostor, spole\u010dnost dal\u0161\u00edch kon\u00ed a vhodn\u00e1 potrava (z na\u0161eho lidsk\u00e9ho pohledu chud\u00e1 na \u017eiviny - seno, such\u00e1 tr\u00e1va). Tak se c\u00edt\u00ed bezpe\u010dn\u011b a jejich t\u011bla funguj\u00ed optim\u00e1ln\u011b. Bohu\u017eel v sou\u010dasn\u00e9m chovu neposkytujeme kon\u00edm ani zdaleka to z\u00e1kladn\u00ed, co pot\u0159ebuj\u00ed. Na na\u0161\u00ed klinice se setk\u00e1v\u00e1me s ko\u0148mi, kte\u0159\u00ed maj\u00ed v\u011bt\u0161inou probl\u00e9my s kopyty, a standardn\u00ed veterin\u00e1rn\u00ed p\u00e9\u010de je odm\u00edt\u00e1 d\u00e1le l\u00e9\u010dit. O kon\u011b pe\u010dujeme na z\u00e1klad\u011b princip\u016f kliniky Dr. Hiltrud Strasserov\u00e9, kter\u00e9 maj\u00ed pozoruhodnou \u00fasp\u011b\u0161nost p\u0159i n\u00e1vratu do p\u0159irozen\u00e9ho \u017eivota a d\u00e1vaj\u00ed nad\u011bji jejich majitel\u016fm.<\/p>\n<\/div><\/div>\n\n<div class=\"et_pb_text_10 et_pb_text et_pb_bg_layout_light et_pb_module et_block_module\"><div class=\"et_pb_text_inner\"><p>Pokud m\u00e1te z\u00e1jem o na\u0161e slu\u017eby, chcete se dozv\u011bd\u011bt v\u00edce nebo m\u00e1te probl\u00e9m se sv\u00fdmi \u010dty\u0159noh\u00fdmi p\u0159\u00e1teli, kontaktujte n\u00e1s na <a href=\"mailto:vera.klontza@gmail.com\">vera.klontza@gmail.com<\/a> nebo <a href=\"tel:+420776747152\">+420 776747152<\/a>, p\u0159\u00edpadn\u011b na soci\u00e1ln\u00edch s\u00edt\u00edch.<\/p>\n<\/div><\/div>\n<\/div>\n\n<div class=\"et_pb_column_11 et_pb_column et_pb_column_1_2 et-last-child et_block_column et_pb_css_mix_blend_mode_passthrough\">\n<div class=\"et_pb_image_3 et_pb_image et_pb_module et_block_module\"><a href=\"https:\/\/chrrhc.org\/wp-content\/uploads\/2024\/07\/CLINIC.webp\" class=\"et_pb_lightbox_image\"><span class=\"et_pb_image_wrap has-box-shadow-overlay\"><div class=\"box-shadow-overlay\"><\/div><img loading=\"lazy\" decoding=\"async\" src=\"https:\/\/chrrhc.org\/wp-content\/uploads\/2024\/07\/CLINIC.webp\" width=\"1200\" height=\"900\" srcset=\"https:\/\/chrrhc.org\/wp-content\/uploads\/2024\/07\/CLINIC.webp 1200w, https:\/\/chrrhc.org\/wp-content\/uploads\/2024\/07\/CLINIC-980x735.webp 980w, https:\/\/chrrhc.org\/wp-content\/uploads\/2024\/07\/CLINIC-480x360.webp 480w\" sizes=\"(min-width: 0px) and (max-width: 480px) 480px, (min-width: 481px) and (max-width: 980px) 980px, (min-width: 981px) 1200px, 100vw\" class=\"wp-image-515\" title=\"CLINIC\" \/><\/span><\/a><\/div>\n<\/div>\n<\/div>\n<\/div>\n\n<div class=\"et_pb_section_4 et_pb_section et_section_regular et_block_section\" id=\"4\">\n<div class=\"et_pb_row_7 et_pb_row et_pb_row_3-4_1-4 et_pb_equal_columns et_pb_gutters1 et_block_row et_block_row_3-4_1-4\">\n<div class=\"et_pb_column_12 et_pb_column et_pb_column_3_4 et_block_column et_pb_css_mix_blend_mode_passthrough\">\n<div class=\"et_pb_text_11 et_pb_text et_pb_bg_layout_light et_pb_module et_block_module\"><div class=\"et_pb_text_inner\"><h3>Pr\u00e1ce s problematick\u00fdmi ko\u0148mi<\/h3>\n<p>V\u011bt\u0161ina majitel\u016f kon\u00ed nejsou profesion\u00e1lov\u00e9, ale nad\u0161enci. U\u017e d\u00e1vno byla p\u0159eru\u0161en\u00e1 tradice p\u0159irozen\u00e9ho horsemanshipu, kdy se dovednosti komunikovat s ko\u0148mi d\u011bdila z generace na generaci. Je velmi \u010dast\u00fdm fenom\u00e9nem, \u017ee mal\u00fd probl\u00e9m, nepatrn\u00fd zlozvyk p\u0159eroste do nekontrolovateln\u00e9ho stavu. K\u016f\u0148 - p\u016fltunov\u00e9 zv\u00ed\u0159e - za\u010dne b\u00fdt nebezpe\u010dn\u00e9: kou\u0161e, kope, shazuje jezdce, prch\u00e1 apod. To neznamen\u00e1, \u017ee k\u016f\u0148 je \u0161patn\u00fd. Je t\u0159eba vr\u00e1tit se na za\u010d\u00e1tek, zjistit, co dan\u00e9ho kon\u011b vyv\u00e1d\u00ed z klidu, trp\u011bliv\u011b a d\u016fsledn\u011b pou\u017e\u00edt zp\u016fsoby komunikace, kter\u00fdm rozum\u00ed.<br \/>Dok\u00e1\u017eeme v\u00e1m pomoci s prakticky ka\u017ed\u00fdm probl\u00e9m chov\u00e1n\u00ed kon\u011b (ne \u010dlov\u011bka! Na to jsou jin\u00ed odborn\u00edci). Vyu\u017e\u00edv\u00e1me metody p\u0159irozen\u00e9ho horsemanshipu, ve kter\u00fdch jsme vy\u0161koleni specialisty sv\u011btov\u00e9ho renom\u00e9.<\/p>\n<\/div><\/div>\n\n<div class=\"et_pb_text_12 et_pb_text et_pb_bg_layout_light et_pb_module et_block_module\"><div class=\"et_pb_text_inner\"><p>Pokud m\u00e1te z\u00e1jem o na\u0161e slu\u017eby, pot\u0159ebujete konzultaci, kontaktujte n\u00e1s na <a href=\"mailto:vera.klontza@gmail.com\">vera.klontza@gmail.com<\/a> nebo <a href=\"tel:+420776747152\">+420 776747152<\/a>, p\u0159\u00edpadn\u011b na soci\u00e1ln\u00edch s\u00edt\u00edch.<\/p>\n<\/div><\/div>\n<\/div>\n\n<div class=\"et_pb_column_13 et_pb_column et_pb_column_1_4 et-last-child et_block_column et_pb_css_mix_blend_mode_passthrough\">\n<div class=\"et_pb_image_4 et_pb_image et_pb_module et_block_module\"><a href=\"https:\/\/chrrhc.org\/wp-content\/uploads\/2024\/07\/HORSEMANSHIP.webp\" class=\"et_pb_lightbox_image\"><span class=\"et_pb_image_wrap has-box-shadow-overlay\"><div class=\"box-shadow-overlay\"><\/div><img loading=\"lazy\" decoding=\"async\" src=\"https:\/\/chrrhc.org\/wp-content\/uploads\/2024\/07\/HORSEMANSHIP.webp\" width=\"675\" height=\"900\" srcset=\"https:\/\/chrrhc.org\/wp-content\/uploads\/2024\/07\/HORSEMANSHIP.webp 675w, https:\/\/chrrhc.org\/wp-content\/uploads\/2024\/07\/HORSEMANSHIP-480x640.webp 480w\" sizes=\"(min-width: 0px) and (max-width: 480px) 480px, (min-width: 481px) 675px, 100vw\" class=\"wp-image-520\" title=\"HORSEMANSHIP\" \/><\/span><\/a><\/div>\n<\/div>\n<\/div>\n<\/div>","protected":false},"excerpt":{"rendered":"","protected":false},"author":2,"featured_media":0,"parent":0,"menu_order":0,"comment_status":"closed","ping_status":"closed","template":"","meta":{"footnotes":""},"class_list":["post-540","page","type-page","status-publish","hentry"],"_links":{"self":[{"href":"https:\/\/chrrhc.org\/cs\/wp-json\/wp\/v2\/pages\/540","targetHints":{"allow":["GET"]}}],"collection":[{"href":"https:\/\/chrrhc.org\/cs\/wp-json\/wp\/v2\/pages"}],"about":[{"href":"https:\/\/chrrhc.org\/cs\/wp-json\/wp\/v2\/types\/page"}],"author":[{"embeddable":true,"href":"https:\/\/chrrhc.org\/cs\/wp-json\/wp\/v2\/users\/2"}],"replies":[{"embeddable":true,"href":"https:\/\/chrrhc.org\/cs\/wp-json\/wp\/v2\/comments?post=540"}],"version-history":[{"count":1,"href":"https:\/\/chrrhc.org\/cs\/wp-json\/wp\/v2\/pages\/540\/revisions"}],"predecessor-version":[{"id":2181,"href":"https:\/\/chrrhc.org\/cs\/wp-json\/wp\/v2\/pages\/540\/revisions\/2181"}],"wp:attachment":[{"href":"https:\/\/chrrhc.org\/cs\/wp-json\/wp\/v2\/media?parent=540"}],"curies":[{"name":"wp","href":"https:\/\/api.w.org\/{rel}","templated":true}]}}