{"id":366,"date":"2024-07-26T14:34:05","date_gmt":"2024-07-26T14:34:05","guid":{"rendered":"https:\/\/chrrhc.org\/get-involved\/"},"modified":"2026-01-20T19:20:08","modified_gmt":"2026-01-20T19:20:08","slug":"zapoj-se","status":"publish","type":"page","link":"https:\/\/chrrhc.org\/cs\/zapoj-se\/","title":{"rendered":"Zapoj se"},"content":{"rendered":"<div class=\"et_pb_section_0 et_pb_section et_section_regular et_block_section\" id=\"top\">\n<div class=\"et_pb_row_0 et_pb_row et_block_row\">\n<div class=\"et_pb_column_0 et_pb_column et_pb_column_4_4 et-last-child et_block_column et_pb_css_mix_blend_mode_passthrough\">\n<div class=\"et_pb_post_title_0 et_pb_post_title et_pb_bg_layout_light et_pb_module et_block_module\"><div class=\"et_pb_title_container\"><h1 class=\"entry-title\">Zapoj se<\/h1><\/div><\/div>\n<\/div>\n<\/div>\n\n<div class=\"et_pb_row_1 et_pb_row et_block_row\">\n<div class=\"et_pb_column_1 et_pb_column et_pb_column_3_5 et_block_column et_pb_css_mix_blend_mode_passthrough\">\n<div class=\"et_pb_text_0 et_pb_text et_pb_bg_layout_light et_pb_module et_block_module\"><div class=\"et_pb_text_inner\"><p>Nab\u00edz\u00edme r\u016fzn\u00e9 varianty, jak se m\u016f\u017eete zapojit do projektu na z\u00e1chranu kr\u00e9tsk\u00e9ho kon\u011b a p\u0159itom str\u00e1vit fajn \u010das na Kr\u00e9t\u011b, dop\u0159\u00e1t si nev\u0161edn\u00ed, ojedin\u011bl\u00e9 z\u00e1\u017eitky nebo jenom b\u00fdt spokojen\u00ed s dobr\u00fdm pocitem, \u017ee jste pomohli.<\/p>\n<\/div><\/div>\n<\/div>\n\n<div class=\"et_pb_column_2 et_pb_column et_pb_column_2_5 et-last-child et_block_column et_pb_column_empty et_pb_css_mix_blend_mode_passthrough\"><\/div>\n<\/div>\n\n<div class=\"et_pb_row_2 et_pb_row et_block_row\">\n<div class=\"et_pb_column_3 et_pb_column et_pb_column_2_5 et_block_column et_pb_css_mix_blend_mode_passthrough\">\n<div class=\"et_pb_text_1 et_pb_text et_pb_bg_layout_light et_pb_module et_block_module\"><div class=\"et_pb_text_inner\"><div style=\"padding: 177.78% 0 0 0; position: relative;\"><iframe src=\"https:\/\/player.vimeo.com\/video\/994086243?h=bc5575622d&amp;badge=0&amp;autopause=0&amp;player_id=0&amp;app_id=58479\" frameborder=\"0\" allow=\"autoplay; fullscreen; picture-in-picture; clipboard-write\" style=\"position: absolute; top: 0; left: 0; width: 100%; height: 100%;\" title=\"VID_20240707_122420\"><\/iframe><\/div>\n<p>\n<script src=\"https:\/\/player.vimeo.com\/api\/player.js\"><\/script><\/p>\n<\/div><\/div>\n<\/div>\n\n<div class=\"et_pb_column_4 et_pb_column et_pb_column_3_5 et-last-child et_block_column et_pb_css_mix_blend_mode_passthrough\">\n<div class=\"et_pb_text_2 et_pb_text et_pb_bg_layout_light et_pb_module et_block_module\"><div class=\"et_pb_text_inner\"><p><img loading=\"lazy\" decoding=\"async\" class=\"wp-image-359 alignleft size-full\" src=\"https:\/\/chrrhc.org\/wp-content\/uploads\/2024\/07\/check01.webp\" alt=\"\" width=\"70\" height=\"70\" \/>Chcete si u\u017e\u00edt l\u00e9to na Kr\u00e9t\u011b v tradi\u010dn\u00edm venkovsk\u00e9m domku, daleko od betonov\u00fdch turistick\u00fdch center? R\u00e1di byste vyzkou\u0161eli, jak se \u017eilo v tradi\u010dn\u00ed kr\u00e9tsk\u00e9 dom\u00e1cnosti? Chcete za\u017e\u00edt autentickou Kr\u00e9tu s ochutn\u00e1vkou m\u00edstn\u00edch olivov\u00fdch olej\u016f a jin\u00fdch specialit? Zaj\u00edm\u00e1 v\u00e1s, jak se p\u011bstuj\u00ed bylinky? R\u00e1di byste se pod\u00edvali na archeologick\u00e9 lokality, kter\u00e9 nenab\u00edz\u00ed \u017e\u00e1dn\u00fd turistick\u00fd pr\u016fvodce a kde by v\u00e1s provedli archeologov\u00e9, kte\u0159\u00ed na dan\u00fdch lokalit\u00e1ch pracovali? K tomu by v\u00e1s l\u00e1kalo str\u00e1vit t\u0159eba den v na\u0161em centru u kon\u00ed, d\u00e1t si \u010derstv\u00e9 koz\u00ed ml\u00e9ko? Pak nen\u00ed nic jednodu\u0161\u0161\u00edho ne\u017e n\u00e1s kontaktovat a domluv\u00edme detaily va\u0161eho programu v term\u00ednu, kter\u00fd se v\u00e1m hod\u00ed. V\u0161echny takto z\u00edskan\u00e9 prost\u0159edky jdou na pomoc kr\u00e9tsk\u00fdm kon\u00edm. <\/p>\n<\/div><\/div>\n\n<div class=\"et_pb_text_3 et_pb_text et_pb_bg_layout_light et_pb_module et_block_module\"><div class=\"et_pb_text_inner\"><p><img loading=\"lazy\" decoding=\"async\" class=\"wp-image-359 alignleft size-full\" src=\"https:\/\/chrrhc.org\/wp-content\/uploads\/2024\/07\/check01.webp\" alt=\"\" width=\"70\" height=\"70\" \/>R\u00e1di byste str\u00e1vili p\u00e1r t\u00fddn\u016f na Kr\u00e9t\u011b, ale nechce se v\u00e1m platit drah\u00e9 hotely nebo penzi\u00f3ny? M\u00e1me \u0159e\u0161en\u00ed: poskytneme v\u00e1m ubytov\u00e1n\u00ed zdarma, kdy\u017e n\u00e1m pom\u016f\u017eete u kon\u00ed a na farm\u011b. Pr\u00e1ce obn\u00e1\u0161\u00ed \u00faklid, krmen\u00ed, no\u0161en\u00ed vody a pokud jste zku\u0161en\u00ed v manipulaci s ko\u0148mi, tak i pomoc p\u0159i v\u00fdcviku a je\u017ed\u011bn\u00ed. Pokud jste studenti (nap\u0159. zem\u011bd\u011blsk\u00e9 \u0161koly, veteriny a podobn\u00fdch obor\u016f) a pot\u0159ebujete potvrzen\u00ed na praxi, r\u00e1di poskytneme. <br \/>Pokud m\u00e1te z\u00e1jem, ozv\u011bte se n\u00e1m a domluv\u00edme detaily.<\/p>\n<\/div><\/div>\n<\/div>\n<\/div>\n\n<div class=\"et_pb_row_3 et_pb_row et_block_row\">\n<div class=\"et_pb_column_5 et_pb_column et_pb_column_3_5 et_block_column et_pb_css_mix_blend_mode_passthrough\">\n<div class=\"et_pb_text_4 et_pb_text et_pb_bg_layout_light et_pb_module et_block_module\"><div class=\"et_pb_text_inner\"><p>Na\u0161e nemovitosti se nach\u00e1zej\u00ed v tradi\u010dn\u00edch vesni\u010dk\u00e1ch Episkopi u Ierapetry, v Kritse u Agios Nikolaos a v samotn\u00e9m Agios Nikolaos. Jsou pln\u011b vybaven\u00e9 pro va\u0161e pohodl\u00ed.<\/p>\n<\/div><\/div>\n<\/div>\n\n<div class=\"et_pb_column_6 et_pb_column et_pb_column_2_5 et-last-child et_block_column et_pb_css_mix_blend_mode_passthrough\">\n<div class=\"et_pb_image_0 et_pb_image et_pb_has_overlay et_pb_module et_block_module\"><a href=\"https:\/\/chrrhc.org\/wp-content\/uploads\/2024\/08\/chrrhc.org-get-involved-01.webp\" class=\"et_pb_lightbox_image\"><span class=\"et_pb_image_wrap\"><img loading=\"lazy\" decoding=\"async\" src=\"https:\/\/chrrhc.org\/wp-content\/uploads\/2024\/08\/chrrhc.org-get-involved-01.webp\" width=\"948\" height=\"900\" srcset=\"https:\/\/chrrhc.org\/wp-content\/uploads\/2024\/08\/chrrhc.org-get-involved-01.webp 948w, https:\/\/chrrhc.org\/wp-content\/uploads\/2024\/08\/chrrhc.org-get-involved-01-480x456.webp 480w\" sizes=\"(min-width: 0px) and (max-width: 480px) 480px, (min-width: 481px) 948px, 100vw\" class=\"wp-image-820\" title=\"chrrhc.org-get-involved-01\" \/><span class=\"et_overlay et_pb_inline_icon\" data-icon=\"\uf7ab\"><\/span><\/span><\/a><\/div>\n<\/div>\n<\/div>\n\n<div class=\"et_pb_row_4 et_pb_row et_block_row\">\n<div class=\"et_pb_column_7 et_pb_column et_pb_column_2_5 et_block_column et_pb_css_mix_blend_mode_passthrough\">\n<div class=\"et_pb_image_1 et_pb_image et_pb_has_overlay et_pb_module et_block_module\"><a href=\"https:\/\/chrrhc.org\/wp-content\/uploads\/2024\/08\/chrrhc.org-get-involved-02.webp\" class=\"et_pb_lightbox_image\"><span class=\"et_pb_image_wrap\"><img loading=\"lazy\" decoding=\"async\" src=\"https:\/\/chrrhc.org\/wp-content\/uploads\/2024\/08\/chrrhc.org-get-involved-02.webp\" width=\"1200\" height=\"900\" srcset=\"https:\/\/chrrhc.org\/wp-content\/uploads\/2024\/08\/chrrhc.org-get-involved-02.webp 1200w, https:\/\/chrrhc.org\/wp-content\/uploads\/2024\/08\/chrrhc.org-get-involved-02-980x735.webp 980w, https:\/\/chrrhc.org\/wp-content\/uploads\/2024\/08\/chrrhc.org-get-involved-02-480x360.webp 480w\" sizes=\"(min-width: 0px) and (max-width: 480px) 480px, (min-width: 481px) and (max-width: 980px) 980px, (min-width: 981px) 1200px, 100vw\" class=\"wp-image-830\" title=\"chrrhc.org-get-involved-02\" \/><span class=\"et_overlay et_pb_inline_icon\" data-icon=\"\uf7ab\"><\/span><\/span><\/a><\/div>\n<\/div>\n\n<div class=\"et_pb_column_8 et_pb_column et_pb_column_3_5 et-last-child et_block_column et_pb_css_mix_blend_mode_passthrough\">\n<div class=\"et_pb_text_5 et_pb_text et_pb_bg_layout_light et_pb_module et_block_module\"><div class=\"et_pb_text_inner\"><p><img loading=\"lazy\" decoding=\"async\" class=\"wp-image-359 alignleft size-full\" src=\"https:\/\/chrrhc.org\/wp-content\/uploads\/2024\/07\/check01.webp\" alt=\"\" width=\"70\" height=\"70\" \/>Dal\u0161\u00ed mo\u017enost\u00ed, jak n\u00e1m pomoci, je poskytnut\u00ed hmotn\u00e9 pomoci na\u0161im kon\u00edm. Poslat m\u016f\u017eete l\u00e9ky, dopl\u0148ky stravy, krmivo, pom\u016fcky k \u010di\u0161t\u011bn\u00ed, v\u00fdcviku a je\u017ed\u011bn\u00ed. Nemus\u00ed to b\u00fdt nov\u00e9 v\u011bci. Ka\u017ed\u00fd ko\u0148\u00e1k m\u00e1 ledacos, co nepou\u017e\u00edv\u00e1, ale n\u011bkomu by to je\u0161t\u011b poslou\u017eilo. Pokud m\u00e1te cokoliv, o \u010dem si mysl\u00edte, \u017ee by n\u00e1m mohlo pomoci, ozv\u011bte se a domluv\u00edme zp\u016fsob p\u0159ed\u00e1n\u00ed nebo zasl\u00e1n\u00ed.<\/p>\n<\/div><\/div>\n<\/div>\n<\/div>\n\n<div class=\"et_pb_row_5 et_pb_row et_block_row\">\n<div class=\"et_pb_column_9 et_pb_column et_pb_column_4_4 et-last-child et_block_column et_pb_css_mix_blend_mode_passthrough\">\n<div class=\"et_pb_text_6 et_pb_text et_pb_bg_layout_light et_pb_module et_block_module\"><div class=\"et_pb_text_inner\"><p><strong>Pokud v\u00e1s \u017e\u00e1dn\u00e1 z v\u00fd\u0161e uveden\u00fdch mo\u017enost\u00ed nezaujala nebo prost\u011b nem\u00e1te \u010das, zva\u017ete mal\u00fd p\u0159\u00edsp\u011bvek. M\u016f\u017eete darovat od 3 \u20ac\/$ a zabere to jen p\u00e1r kliknut\u00ed.<\/strong><\/p>\n<\/div><\/div>\n\n<div class=\"et_pb_module et_pb_button_module_wrapper et_pb_button_0_wrapper\"><a class=\"et_pb_button_0 et_pb_button et_pb_bg_layout_light et_pb_module et_block_module\" href=\"https:\/\/chrrhc.org\/cs\/darovat\/\" data-icon=\"\uf7ab\">Snadn\u00fd p\u0159\u00edsp\u011bvek<\/a><\/div>\n<\/div>\n<\/div>\n<\/div>","protected":false},"excerpt":{"rendered":"","protected":false},"author":2,"featured_media":831,"parent":0,"menu_order":0,"comment_status":"closed","ping_status":"closed","template":"","meta":{"footnotes":""},"class_list":["post-366","page","type-page","status-publish","has-post-thumbnail","hentry"],"_links":{"self":[{"href":"https:\/\/chrrhc.org\/cs\/wp-json\/wp\/v2\/pages\/366","targetHints":{"allow":["GET"]}}],"collection":[{"href":"https:\/\/chrrhc.org\/cs\/wp-json\/wp\/v2\/pages"}],"about":[{"href":"https:\/\/chrrhc.org\/cs\/wp-json\/wp\/v2\/types\/page"}],"author":[{"embeddable":true,"href":"https:\/\/chrrhc.org\/cs\/wp-json\/wp\/v2\/users\/2"}],"replies":[{"embeddable":true,"href":"https:\/\/chrrhc.org\/cs\/wp-json\/wp\/v2\/comments?post=366"}],"version-history":[{"count":1,"href":"https:\/\/chrrhc.org\/cs\/wp-json\/wp\/v2\/pages\/366\/revisions"}],"predecessor-version":[{"id":2184,"href":"https:\/\/chrrhc.org\/cs\/wp-json\/wp\/v2\/pages\/366\/revisions\/2184"}],"wp:featuredmedia":[{"embeddable":true,"href":"https:\/\/chrrhc.org\/cs\/wp-json\/wp\/v2\/media\/831"}],"wp:attachment":[{"href":"https:\/\/chrrhc.org\/cs\/wp-json\/wp\/v2\/media?parent=366"}],"curies":[{"name":"wp","href":"https:\/\/api.w.org\/{rel}","templated":true}]}}