{"id":321,"date":"2024-07-28T11:32:39","date_gmt":"2024-07-28T11:32:39","guid":{"rendered":"https:\/\/chrrhc.org\/donate\/"},"modified":"2026-01-20T19:20:53","modified_gmt":"2026-01-20T19:20:53","slug":"darovat","status":"publish","type":"page","link":"https:\/\/chrrhc.org\/cs\/darovat\/","title":{"rendered":"Darovat"},"content":{"rendered":"<div class=\"et_pb_section_0 et_pb_section et_section_regular et_block_section\" id=\"top\">\n<div class=\"et_pb_row_0 et_pb_row et_block_row\">\n<div class=\"et_pb_column_0 et_pb_column et_pb_column_4_4 et-last-child et_block_column et_pb_css_mix_blend_mode_passthrough\">\n<div class=\"et_pb_post_title_0 et_pb_post_title et_pb_bg_layout_light et_pb_module et_block_module\"><div class=\"et_pb_title_container\"><h1 class=\"entry-title\">Darovat<\/h1><\/div><\/div>\n<\/div>\n<\/div>\n\n<div class=\"et_pb_row_1 et_pb_row et_block_row\">\n<div class=\"et_pb_column_1 et_pb_column et_pb_column_1_2 et_block_column et_pb_css_mix_blend_mode_passthrough\">\n<div class=\"et_pb_text_0 et_pb_text et_pb_bg_layout_light et_pb_module et_block_module\"><div class=\"et_pb_text_inner\"><p>Pustili jsme se do mise, kter\u00e1 nen\u00ed v\u016fbec jednoduch\u00e1. Uf... Pe\u010dovat o pot\u0159ebn\u00e9 kon\u011b, odborn\u011b a profesion\u00e1ln\u011b podpo\u0159it z\u00e1chranu vz\u00e1cn\u00e9ho plemene je n\u00e1ro\u010dn\u00fd c\u00edl.<\/p>\n<p>Kon\u011b jsme domestikovali, p\u0159ipoutali k sob\u011b, vzali jim p\u0159irozen\u00e9 prost\u0159ed\u00ed a te\u010f pot\u0159ebuj\u00ed na\u0161i pomoc. N\u011bkte\u0159\u00ed v\u00edc. To je moment\u00e1ln\u011b p\u0159\u00edpad kr\u00e9tsk\u00fdch kon\u00ed. I drobn\u00fd p\u0159\u00edsp\u011bvek najde svoje m\u00edsto. Ka\u017ed\u00e9 i \u00fapln\u011b minim\u00e1ln\u00ed pomoci si moc v\u00e1\u017e\u00edme!<\/p>\n<p>Potvrzen\u00ed\/smlouva o sponzorsk\u00e9m daru je samoz\u0159ejmost\u00ed.<\/p>\n<p>V\u0161ichni p\u0159isp\u011bvatel\u00e9 nad 100K\u010d dostanou ka\u017ed\u00fd rok upom\u00ednkov\u00e9 p\u0159edm\u011bty.<\/p>\n<\/div><\/div>\n\n<div class=\"et_pb_image_0 et_pb_image et_pb_has_overlay et_pb_module et_block_module\"><a href=\"https:\/\/chrrhc.org\/wp-content\/uploads\/2024\/08\/chrrhc.org-donate-page.webp\" class=\"et_pb_lightbox_image\"><span class=\"et_pb_image_wrap\"><img loading=\"lazy\" decoding=\"async\" src=\"https:\/\/chrrhc.org\/wp-content\/uploads\/2024\/08\/chrrhc.org-donate-page.webp\" width=\"1000\" height=\"648\" srcset=\"https:\/\/chrrhc.org\/wp-content\/uploads\/2024\/08\/chrrhc.org-donate-page.webp 1000w, https:\/\/chrrhc.org\/wp-content\/uploads\/2024\/08\/chrrhc.org-donate-page-980x635.webp 980w, https:\/\/chrrhc.org\/wp-content\/uploads\/2024\/08\/chrrhc.org-donate-page-480x311.webp 480w\" sizes=\"(min-width: 0px) and (max-width: 480px) 480px, (min-width: 481px) and (max-width: 980px) 980px, (min-width: 981px) 1000px, 100vw\" class=\"wp-image-872\" title=\"chrrhc.org-donate-page\" \/><span class=\"et_overlay et_pb_inline_icon\" data-icon=\"\uf7ab\"><\/span><\/span><\/a><\/div>\n<\/div>\n\n<div class=\"et_pb_column_2 et_pb_column et_pb_column_1_2 et-last-child et_block_column et_pb_css_mix_blend_mode_passthrough\">\n<div class=\"et_pb_text_1 et_pb_text et_pb_bg_layout_light et_pb_module et_block_module\"><div class=\"et_pb_text_inner\"><p>\n<script src=\"https:\/\/donorbox.org\/widget.js\" paypalexpress=\"false\"><\/script>\n<\/p>\n<p><iframe loading=\"lazy\" src=\"https:\/\/donorbox.org\/embed\/cretan-horse?language=en\" name=\"donorbox\" allowpaymentrequest=\"allowpaymentrequest\" seamless=\"seamless\" frameborder=\"0\" scrolling=\"no\" height=\"900px\" width=\"100%\" style=\"max-width: 500px; min-width: 250px; max-height: none!important;\" allow=\"payment\"><\/iframe><\/p>\n<\/div><\/div>\n\n<div class=\"et_pb_module et_pb_button_module_wrapper et_pb_button_0_wrapper\"><a class=\"et_pb_button_0 et_pb_button et_pb_bg_layout_light et_pb_module et_block_module\" href=\"https:\/\/chrrhc.org\/cs\/zapoj-se\/\" data-icon=\"\uf7ab\">Zapoj se<\/a><\/div>\n<\/div>\n<\/div>\n<\/div>","protected":false},"excerpt":{"rendered":"","protected":false},"author":2,"featured_media":873,"parent":0,"menu_order":0,"comment_status":"closed","ping_status":"closed","template":"","meta":{"footnotes":""},"class_list":["post-321","page","type-page","status-publish","has-post-thumbnail","hentry"],"_links":{"self":[{"href":"https:\/\/chrrhc.org\/cs\/wp-json\/wp\/v2\/pages\/321","targetHints":{"allow":["GET"]}}],"collection":[{"href":"https:\/\/chrrhc.org\/cs\/wp-json\/wp\/v2\/pages"}],"about":[{"href":"https:\/\/chrrhc.org\/cs\/wp-json\/wp\/v2\/types\/page"}],"author":[{"embeddable":true,"href":"https:\/\/chrrhc.org\/cs\/wp-json\/wp\/v2\/users\/2"}],"replies":[{"embeddable":true,"href":"https:\/\/chrrhc.org\/cs\/wp-json\/wp\/v2\/comments?post=321"}],"version-history":[{"count":1,"href":"https:\/\/chrrhc.org\/cs\/wp-json\/wp\/v2\/pages\/321\/revisions"}],"predecessor-version":[{"id":2185,"href":"https:\/\/chrrhc.org\/cs\/wp-json\/wp\/v2\/pages\/321\/revisions\/2185"}],"wp:featuredmedia":[{"embeddable":true,"href":"https:\/\/chrrhc.org\/cs\/wp-json\/wp\/v2\/media\/873"}],"wp:attachment":[{"href":"https:\/\/chrrhc.org\/cs\/wp-json\/wp\/v2\/media?parent=321"}],"curies":[{"name":"wp","href":"https:\/\/api.w.org\/{rel}","templated":true}]}}