{"id":251,"date":"2024-07-14T10:41:22","date_gmt":"2024-07-14T10:41:22","guid":{"rendered":"https:\/\/chrrhc.org\/diary-of-a-cretan-horse\/"},"modified":"2026-01-20T19:18:51","modified_gmt":"2026-01-20T19:18:51","slug":"denik-kretskeho-kone","status":"publish","type":"page","link":"https:\/\/chrrhc.org\/cs\/denik-kretskeho-kone\/","title":{"rendered":"Den\u00edk kr\u00e9tsk\u00e9ho kon\u011b"},"content":{"rendered":"<div class=\"et_pb_section_0 et_pb_section et_section_regular et_block_section\" id=\"top\">\n<div class=\"et_pb_row_0 et_pb_row et_block_row\">\n<div class=\"et_pb_column_0 et_pb_column et_pb_column_4_4 et-last-child et_block_column et_pb_css_mix_blend_mode_passthrough\">\n<div class=\"et_pb_post_title_0 et_pb_post_title et_pb_bg_layout_light et_pb_module et_block_module\"><div class=\"et_pb_title_container\"><h1 class=\"entry-title\">Den\u00edk kr\u00e9tsk\u00e9ho kon\u011b<\/h1><\/div><\/div>\n<\/div>\n<\/div>\n\n<div class=\"et_pb_row_1 et_pb_row et_pb_equal_columns et_pb_gutters1 et_block_row\">\n<div class=\"et_pb_column_1 et_pb_column et_pb_column_1_2 et_block_column et_pb_css_mix_blend_mode_passthrough\">\n<div class=\"et_pb_text_0 et_pb_text et_pb_bg_layout_light et_pb_module et_block_module\"><div class=\"et_pb_text_inner\"><p>Ahoj, jmenuji je V\u011bra Klontza.<\/p>\n<p>Jsem archeolog a zab\u00fdv\u00e1m se histori\u00ed vztahu kon\u011b a \u010dlov\u011bka, kon\u00ed a lid\u00ed.<\/p>\n<p>Jedn\u00e1 se o mo\u017en\u00e1 nejzaj\u00edmav\u011bj\u0161\u00ed vztah mezi velk\u00fdmi savci. \u010clov\u011bk je pred\u00e1tor, k\u016f\u0148 loven\u00e9 zv\u00ed\u0159e. P\u0159esto spolu tvo\u0159\u00edme historii minim\u00e1ln\u011b 4000 let. K\u016f\u0148 byl nejv\u011bt\u0161\u00edm dodavatelem energie (vedle slune\u010dn\u00ed energie a lidsk\u00e9 pr\u00e1ce) do objeven\u00ed spalovac\u00edch motor\u016f a elekt\u0159iny.<\/p>\n<p>Jak jsme se dali s kon\u011bm dohromady? Jak jsme jej p\u0159esv\u011bd\u010dili, aby s n\u00e1mi spolupracoval? Jak to, \u017ee dnes, kdy kon\u011b nepot\u0159ebujeme ani na pr\u00e1ci, ani do v\u00e1lky ani v doprav\u011b tou\u017e\u00edme m\u00edt tato kr\u00e1sn\u00e1 zv\u00ed\u0159ata bl\u00edzko n\u00e1s?<\/p>\n<p>Je mo\u017en\u00e9 poznat z archeologick\u00fdch n\u00e1lez\u016f, jak se \u010dlov\u011bk ke koni choval? Kdy kon\u011b poprv\u00e9 zap\u0159\u00e1hl, kdy na n\u011bj sedl?<\/p>\n<p>To jsou ot\u00e1zky, kter\u00fdmi se zab\u00fdv\u00e1m, ale nejenom. Jsem tak\u00e9 chovatel, profesion\u00e1ln\u00ed trimmer, jezdec a v\u016fbec \u201cholka od kon\u00ed\u201d.<\/p>\n<\/div><\/div>\n<\/div>\n\n<div class=\"et_pb_column_2 et_pb_column et_pb_column_1_2 et-last-child et_block_column et_pb_css_mix_blend_mode_passthrough\">\n<div class=\"et_pb_image_0 et_pb_image et_pb_has_overlay et_pb_module et_block_module\"><a href=\"https:\/\/chrrhc.org\/wp-content\/uploads\/2024\/07\/Vera.webp\" class=\"et_pb_lightbox_image\"><span class=\"et_pb_image_wrap has-box-shadow-overlay\"><div class=\"box-shadow-overlay\"><\/div><img loading=\"lazy\" decoding=\"async\" src=\"https:\/\/chrrhc.org\/wp-content\/uploads\/2024\/07\/Vera.webp\" width=\"960\" height=\"720\" srcset=\"https:\/\/chrrhc.org\/wp-content\/uploads\/2024\/07\/Vera.webp 960w, https:\/\/chrrhc.org\/wp-content\/uploads\/2024\/07\/Vera-480x360.webp 480w\" sizes=\"(min-width: 0px) and (max-width: 480px) 480px, (min-width: 481px) 960px, 100vw\" class=\"wp-image-235\" title=\"Vera\" \/><span class=\"et_overlay et_pb_inline_icon\" data-icon=\"\uf7ab\"><\/span><\/span><\/a><\/div>\n\n<div class=\"et_pb_text_1 et_pb_text et_pb_bg_layout_light et_pb_module et_block_module\"><div class=\"et_pb_text_inner\"><p>V tomto blogu se do\u010dtete o m\u00fdch ka\u017edodenn\u00edch ko\u0148sk\u00fdch starostech s v\u00fdcvikem, se zaji\u0161t\u011bn\u00edm v\u0161ech pot\u0159eb m\u00fdm kon\u00ed, jejich komfortu, dobr\u00e9ho zdrav\u00ed, o komunikaci s nimi, o zdrav\u00fdch kopytech, o historii kon\u00ed a jejich vztahu s n\u00e1mi.<br \/>Douf\u00e1m, \u017ee moje p\u0159\u00edb\u011bhy v\u00e1s budou inspirovat nebo v\u00e1s alespo\u0148 pobav\u00ed.<\/p>\n<\/div><\/div>\n<\/div>\n<\/div>\n\n<div class=\"et_pb_row_2 et_pb_row et_pb_equal_columns et_pb_gutters2 et_block_row\">\n<div class=\"et_pb_column_3 et_pb_column et_pb_column_4_4 et-last-child et_block_column et_pb_css_mix_blend_mode_passthrough\">\n<div class=\"et_pb_blog_0 et_pb_blog et_pb_bg_layout_light et_pb_posts et_pb_module\"><div class=\"et_pb_ajax_pagination_container\"><div class=\"et_pb_posts et_grid_module\"><article class=\"et_pb_post et_pb_post_id_2066 clearfix et_pb_blog_item_0_0 post-2066 post type-post status-publish format-standard has-post-thumbnail hentry category-uncategorized-cs\"><div class=\"et_pb_image_container\"><a href=\"https:\/\/chrrhc.org\/cs\/lidi-nejsme-nic-extra\/\" class=\"entry-featured-image-url\"><img loading=\"lazy\" decoding=\"async\" src=\"https:\/\/chrrhc.org\/wp-content\/uploads\/2025\/07\/goodall.webp\" width=\"400\" height=\"284\" alt=\"Lidi! Nejsme nic extra!\" class=\"\" srcset=\"https:\/\/chrrhc.org\/wp-content\/uploads\/2025\/07\/goodall.webp 479w, https:\/\/chrrhc.org\/wp-content\/uploads\/2025\/07\/goodall-400x284.webp 480w\" sizes=\"(max-width:479px) 479px, 100vw\" \/><span data-icon=\"\ue050\" class=\"et_overlay et_pb_inline_icon\"><\/span><\/a><\/div><h2 class=\"entry-title\"><a href=\"https:\/\/chrrhc.org\/cs\/lidi-nejsme-nic-extra\/\">Lidi! Nejsme nic extra!<\/a><\/h2><p class=\"post-meta\"><\/p><div class=\"post-content\"><div class=\"post-content-inner\"><p>\u010casto se setk\u00e1v\u00e1m s t\u00edm, \u017ee lid\u00e9 maj\u00ed ke sv\u00fdm kon\u00edm zcela chladn\u00fd vztah a o\u010dek\u00e1vaj\u00ed, \u017ee se budou chovat jako stroje. Jako by kon\u011b nem\u011bli \u017e\u00e1dn\u00e9 city, pocity, emoce&#8230; Pak \u010dasto komentuj\u00ed interakci s nimi pon\u011bkud arogantn\u00edm t\u00f3nem: &#8211; Ud\u011bl\u00e1\u0161, co ti \u0159eknu!- To mu teda&#8230;<\/p>\n<\/div><\/div><\/article><article class=\"et_pb_post et_pb_post_id_735 clearfix et_pb_blog_item_0_1 post-735 post type-post status-publish format-standard has-post-thumbnail hentry category-category-01-cs\"><div class=\"et_pb_image_container\"><a href=\"https:\/\/chrrhc.org\/cs\/zeleni-kone\/\" class=\"entry-featured-image-url\"><img loading=\"lazy\" decoding=\"async\" src=\"https:\/\/chrrhc.org\/wp-content\/uploads\/2024\/08\/green-horse-featured.webp\" width=\"320\" height=\"284\" alt=\"Zelen\u00ed kon\u011b\" class=\"\" srcset=\"https:\/\/chrrhc.org\/wp-content\/uploads\/2024\/08\/green-horse-featured.webp 479w, https:\/\/chrrhc.org\/wp-content\/uploads\/2024\/08\/green-horse-featured-320x284.webp 480w\" sizes=\"(max-width:479px) 479px, 100vw\" \/><span data-icon=\"\ue050\" class=\"et_overlay et_pb_inline_icon\"><\/span><\/a><\/div><h2 class=\"entry-title\"><a href=\"https:\/\/chrrhc.org\/cs\/zeleni-kone\/\">Zelen\u00ed kon\u011b<\/a><\/h2><p class=\"post-meta\"><\/p><div class=\"post-content\"><div class=\"post-content-inner\"><p>M\u00e1m zelen\u00e9ho kon\u011b. Ne doslova zelen\u00e9ho, ale nov\u00e9ho v tr\u00e9ninku. Je to v\u0161echno o budov\u00e1n\u00ed d\u016fv\u011bry, krok za krokem, na t\u00e9to spole\u010dn\u00e9 cest\u011b.<\/p>\n<\/div><\/div><\/article><\/div><div class=\"pagination clearfix\">\n\t<div class=\"alignleft\"><\/div>\n\t<div class=\"alignright\"><\/div>\n<\/div><\/div><\/div>\n<\/div>\n<\/div>\n<\/div>","protected":false},"excerpt":{"rendered":"","protected":false},"author":2,"featured_media":0,"parent":0,"menu_order":0,"comment_status":"closed","ping_status":"closed","template":"","meta":{"footnotes":""},"class_list":["post-251","page","type-page","status-publish","hentry"],"_links":{"self":[{"href":"https:\/\/chrrhc.org\/cs\/wp-json\/wp\/v2\/pages\/251","targetHints":{"allow":["GET"]}}],"collection":[{"href":"https:\/\/chrrhc.org\/cs\/wp-json\/wp\/v2\/pages"}],"about":[{"href":"https:\/\/chrrhc.org\/cs\/wp-json\/wp\/v2\/types\/page"}],"author":[{"embeddable":true,"href":"https:\/\/chrrhc.org\/cs\/wp-json\/wp\/v2\/users\/2"}],"replies":[{"embeddable":true,"href":"https:\/\/chrrhc.org\/cs\/wp-json\/wp\/v2\/comments?post=251"}],"version-history":[{"count":1,"href":"https:\/\/chrrhc.org\/cs\/wp-json\/wp\/v2\/pages\/251\/revisions"}],"predecessor-version":[{"id":2183,"href":"https:\/\/chrrhc.org\/cs\/wp-json\/wp\/v2\/pages\/251\/revisions\/2183"}],"wp:attachment":[{"href":"https:\/\/chrrhc.org\/cs\/wp-json\/wp\/v2\/media?parent=251"}],"curies":[{"name":"wp","href":"https:\/\/api.w.org\/{rel}","templated":true}]}}