{"id":212,"date":"2024-06-02T20:40:29","date_gmt":"2024-06-02T20:40:29","guid":{"rendered":"https:\/\/chrrhc.org\/about-us\/"},"modified":"2026-01-20T19:09:43","modified_gmt":"2026-01-20T19:09:43","slug":"o-nas","status":"publish","type":"page","link":"https:\/\/chrrhc.org\/cs\/o-nas\/","title":{"rendered":"O n\u00e1s"},"content":{"rendered":"<div class=\"et_pb_section_0 et_pb_section et_section_regular et_block_section\" id=\"top\">\n<div class=\"et_pb_row_0 et_pb_row et_block_row\">\n<div class=\"et_pb_column_0 et_pb_column et_pb_column_4_4 et-last-child et_block_column et_pb_css_mix_blend_mode_passthrough\">\n<div class=\"et_pb_post_title_0 et_pb_post_title et_pb_bg_layout_light et_pb_module et_block_module\"><div class=\"et_pb_title_container\"><h1 class=\"entry-title\">O n\u00e1s<\/h1><\/div><\/div>\n\n<div class=\"et_pb_text_0 et_pb_text et_pb_bg_layout_light et_pb_module et_block_module\"><div class=\"et_pb_text_inner\"><h3>Profesion\u00e1lov\u00e9 v hipologii, welfare, celostn\u00ed p\u00e9\u010di o kon\u011b, vzd\u011bl\u00e1v\u00e1n\u00ed a ochranu kulturn\u00edho d\u011bdictv\u00ed!<\/h3>\n<\/div><\/div>\n<\/div>\n<\/div>\n\n<div class=\"et_pb_row_1 et_pb_row et_pb_equal_columns et_pb_gutters1 et_block_row\">\n<div class=\"et_pb_column_1 et_pb_column et_pb_column_1_2 et_block_column et_pb_css_mix_blend_mode_passthrough\">\n<div class=\"et_pb_text_1 et_pb_text et_pb_bg_layout_light et_pb_module et_block_module\"><div class=\"et_pb_text_inner\"><p>Centrum na z\u00e1chranu, v\u00fdzkum a horsemanship kr\u00e9tsk\u00e9ho kon\u011b bylo zalo\u017eeno jako jedna ze slo\u017eek Institutu p\u0159\u00edrodn\u011b-kulturn\u00edho d\u011bdictv\u00ed, kter\u00fd se zab\u00fdv\u00e1 ochranou tradi\u010dn\u00ed kr\u00e9tsk\u00e9 krajiny. Posl\u00e1n\u00edm na\u0161eho centra je celostn\u00ed p\u00e9\u010de o velice specifick\u00e9, archaick\u00e9 plemeno kr\u00e9tsk\u00e9ho kon\u011b. Zab\u00fdv\u00e1me se histori\u00ed tohoto plemene, jeho\u017e p\u0159edci byli p\u0159ivezeni na Kr\u00e9tu ji\u017e p\u0159ed 4 tis\u00edci lety, o jeho profesion\u00e1ln\u00ed chov, welfare, vzd\u011bl\u00e1v\u00e1n\u00ed chovatel\u016f a majitel\u016f kon\u00ed, poradentsv\u00ed a celostn\u00ed p\u00e9\u010di o kon\u011b.  <\/p>\n<\/div><\/div>\n\n<div class=\"et_pb_module et_pb_button_module_wrapper et_pb_button_0_wrapper\"><a class=\"et_pb_button_0 et_pb_button et_pb_bg_layout_light et_pb_module et_block_module\" href=\"https:\/\/chrrhc.org\/cs\/sluzby\/\" data-icon=\"\uf7ab\">Slu\u017eby<\/a><\/div>\n<\/div>\n\n<div class=\"et_pb_column_2 et_pb_column et_pb_column_1_2 et-last-child et_block_column et_pb_css_mix_blend_mode_passthrough\">\n<div class=\"et_pb_image_0 et_pb_image et_pb_has_overlay et_pb_module et_block_module\"><a href=\"https:\/\/chrrhc.org\/wp-content\/uploads\/2024\/06\/PIN_4.webp\" class=\"et_pb_lightbox_image\"><span class=\"et_pb_image_wrap has-box-shadow-overlay\"><div class=\"box-shadow-overlay\"><\/div><img loading=\"lazy\" decoding=\"async\" src=\"https:\/\/chrrhc.org\/wp-content\/uploads\/2024\/06\/PIN_4.webp\" width=\"1362\" height=\"900\" srcset=\"https:\/\/chrrhc.org\/wp-content\/uploads\/2024\/06\/PIN_4.webp 1362w, https:\/\/chrrhc.org\/wp-content\/uploads\/2024\/06\/PIN_4-1280x846.webp 1280w, https:\/\/chrrhc.org\/wp-content\/uploads\/2024\/06\/PIN_4-980x648.webp 980w, https:\/\/chrrhc.org\/wp-content\/uploads\/2024\/06\/PIN_4-480x317.webp 480w\" sizes=\"(min-width: 0px) and (max-width: 480px) 480px, (min-width: 481px) and (max-width: 980px) 980px, (min-width: 981px) and (max-width: 1280px) 1280px, (min-width: 1281px) 1362px, 100vw\" class=\"wp-image-196\" title=\"PIN_4\" \/><span class=\"et_overlay et_pb_inline_icon\" data-icon=\"\uf7ab\"><\/span><\/span><\/a><\/div>\n<\/div>\n<\/div>\n<\/div>","protected":false},"excerpt":{"rendered":"","protected":false},"author":1,"featured_media":0,"parent":0,"menu_order":0,"comment_status":"closed","ping_status":"closed","template":"","meta":{"footnotes":""},"class_list":["post-212","page","type-page","status-publish","hentry"],"_links":{"self":[{"href":"https:\/\/chrrhc.org\/cs\/wp-json\/wp\/v2\/pages\/212","targetHints":{"allow":["GET"]}}],"collection":[{"href":"https:\/\/chrrhc.org\/cs\/wp-json\/wp\/v2\/pages"}],"about":[{"href":"https:\/\/chrrhc.org\/cs\/wp-json\/wp\/v2\/types\/page"}],"author":[{"embeddable":true,"href":"https:\/\/chrrhc.org\/cs\/wp-json\/wp\/v2\/users\/1"}],"replies":[{"embeddable":true,"href":"https:\/\/chrrhc.org\/cs\/wp-json\/wp\/v2\/comments?post=212"}],"version-history":[{"count":1,"href":"https:\/\/chrrhc.org\/cs\/wp-json\/wp\/v2\/pages\/212\/revisions"}],"predecessor-version":[{"id":2180,"href":"https:\/\/chrrhc.org\/cs\/wp-json\/wp\/v2\/pages\/212\/revisions\/2180"}],"wp:attachment":[{"href":"https:\/\/chrrhc.org\/cs\/wp-json\/wp\/v2\/media?parent=212"}],"curies":[{"name":"wp","href":"https:\/\/api.w.org\/{rel}","templated":true}]}}